{"id":80,"date":"2020-09-28T18:50:43","date_gmt":"2020-09-28T16:50:43","guid":{"rendered":"http:\/\/soigneuranimalier.be\/?page_id=80"},"modified":"2020-10-02T16:54:35","modified_gmt":"2020-10-02T14:54:35","slug":"pairi-daiza","status":"publish","type":"page","link":"https:\/\/soigneuranimalier.be\/?page_id=80","title":{"rendered":"Pairi Daiza, septembre 2019"},"content":{"rendered":"\n<p class=\"has-normal-font-size\">Je me suis rendue \u00e0 Pairi Daiza dans le cadre d&#8217;une sortie culturelle. Faisant des \u00e9tudes de soins animalier, la sortie \u00e0 Pairi Daiza semble assez coh\u00e9rente.<\/p>\n\n\n\n<p>J&#8217;ai commenc\u00e9 ma visite par le Mersus Emergo, ce gros bateau se trouvant pr\u00e8s des girafes. Pourquoi commencer par l\u00e0 alors qu&#8217;il se trouve en plein milieu du parc ? Parce que je devais r\u00e9aliser un travail pour pr\u00e9senter un reptile du parc. L&#8217;heureuse \u00e9lue fut la tortue d&#8217;Hermann, je vous en parlerai s\u00fbrement un jour car il y a plein de choses \u00e0 dire sur elle.<\/p>\n\n\n\n<div class=\"wp-block-themeisle-blocks-advanced-columns has-1-columns has-desktop-equal-layout has-tablet-equal-layout has-mobile-equal-layout has-default-gap has-vertical-unset\" id=\"wp-block-themeisle-blocks-advanced-columns-bf940ce5\"><div class=\"wp-block-themeisle-blocks-advanced-columns-overlay\"><\/div><div class=\"innerblocks-wrap\">\n<div class=\"wp-block-themeisle-blocks-advanced-column\" id=\"wp-block-themeisle-blocks-advanced-column-55a633c0\">\n<figure class=\"wp-block-image size-large is-resized\"><img loading=\"lazy\" decoding=\"async\" src=\"http:\/\/soigneuranimalier.be\/wp-content\/uploads\/2020\/10\/074-web.jpg\" alt=\"\" class=\"wp-image-207\" width=\"500\" height=\"285\" srcset=\"https:\/\/soigneuranimalier.be\/wp-content\/uploads\/2020\/10\/074-web.jpg 950w, https:\/\/soigneuranimalier.be\/wp-content\/uploads\/2020\/10\/074-web-300x171.jpg 300w, https:\/\/soigneuranimalier.be\/wp-content\/uploads\/2020\/10\/074-web-768x439.jpg 768w\" sizes=\"auto, (max-width: 500px) 100vw, 500px\" \/><\/figure>\n<\/div>\n<\/div><\/div>\n\n\n\n<p><\/p>\n","protected":false},"excerpt":{"rendered":"<p>Je me suis rendue \u00e0 Pairi Daiza dans le cadre d&#8217;une sortie culturelle. Faisant des \u00e9tudes de soins animalier, la sortie \u00e0 Pairi Daiza semble assez coh\u00e9rente. J&#8217;ai commenc\u00e9 ma visite par le Mersus Emergo, ce gros bateau se trouvant pr\u00e8s des girafes. Pourquoi commencer par l\u00e0 alors qu&#8217;il se trouve en plein milieu du [&hellip;]<\/p>\n","protected":false},"author":3,"featured_media":0,"parent":0,"menu_order":0,"comment_status":"closed","ping_status":"closed","template":"","meta":{"ngg_post_thumbnail":0,"footnotes":""},"class_list":["post-80","page","type-page","status-publish","hentry"],"_links":{"self":[{"href":"https:\/\/soigneuranimalier.be\/index.php?rest_route=\/wp\/v2\/pages\/80","targetHints":{"allow":["GET"]}}],"collection":[{"href":"https:\/\/soigneuranimalier.be\/index.php?rest_route=\/wp\/v2\/pages"}],"about":[{"href":"https:\/\/soigneuranimalier.be\/index.php?rest_route=\/wp\/v2\/types\/page"}],"author":[{"embeddable":true,"href":"https:\/\/soigneuranimalier.be\/index.php?rest_route=\/wp\/v2\/users\/3"}],"replies":[{"embeddable":true,"href":"https:\/\/soigneuranimalier.be\/index.php?rest_route=%2Fwp%2Fv2%2Fcomments&post=80"}],"version-history":[{"count":3,"href":"https:\/\/soigneuranimalier.be\/index.php?rest_route=\/wp\/v2\/pages\/80\/revisions"}],"predecessor-version":[{"id":209,"href":"https:\/\/soigneuranimalier.be\/index.php?rest_route=\/wp\/v2\/pages\/80\/revisions\/209"}],"wp:attachment":[{"href":"https:\/\/soigneuranimalier.be\/index.php?rest_route=%2Fwp%2Fv2%2Fmedia&parent=80"}],"curies":[{"name":"wp","href":"https:\/\/api.w.org\/{rel}","templated":true}]}}